{"id":184,"date":"2023-12-11T14:08:35","date_gmt":"2023-12-11T14:08:35","guid":{"rendered":"https:\/\/x-impuls.krempel-und-co.de\/?page_id=184"},"modified":"2025-01-14T10:50:37","modified_gmt":"2025-01-14T09:50:37","slug":"blog","status":"publish","type":"page","link":"https:\/\/x-impuls.de\/en\/blog\/","title":{"rendered":"Blog"},"content":{"rendered":"<div class=\"gb-container gb-container-ca9ca375 alignfull\">\n<div class=\"gb-container gb-container-496f52d8 alignfull\">\n<div class=\"gb-container gb-container-cbe9db2d static-hero-cover\">\n<div class=\"gb-grid-wrapper gb-grid-wrapper-a7b89b09\">\n<div class=\"gb-grid-column gb-grid-column-8b6c42a7\"><div class=\"gb-container gb-container-8b6c42a7\">\n\n<h1 class=\"gb-headline gb-headline-f8912dfc gb-headline-text animated fadeInUp\"><strong>X-Impuls Insights: Our knowledge portal for business &amp; <\/strong>IT<\/h1>\n\n\n\n<p class=\"animated fadeInUp delay-200ms\">Dis\u00adco\u00adver the latest trends, pro\u00adven stra\u00adte\u00adgies and exci\u00adting suc\u00adcess sto\u00adries. Our aim is to pro\u00advi\u00adde you with com\u00adpre\u00adhen\u00adsi\u00adve infor\u00adma\u00adti\u00adon and inspi\u00adra\u00adti\u00adon and to keep you up to date with the latest deve\u00adlo\u00adp\u00adments in our indus\u00adtry. Brow\u00adse through our artic\u00adles and immer\u00adse yours\u00adelf in the varie\u00adty of topics we have in store for&nbsp;you.<\/p>\n\n<\/div><\/div>\n<\/div>\n<\/div>\n<\/div>\n<\/div>\n\n<div class=\"gb-container gb-container-2c6886af\">\n\n<div class=\"gb-grid-wrapper gb-grid-wrapper-a466d646 gb-query-loop-wrapper\">\n<div class=\"gb-grid-column gb-grid-column-bb8eaeb1 gb-query-loop-item post-5739 post type-post status-publish format-standard has-post-thumbnail hentry category-allgemein\"><div class=\"gb-container gb-container-bb8eaeb1 animated fadeInUp delay-100ms\"><a class=\"gb-container-link\" href=\"https:\/\/x-impuls.de\/en\/xentrobai-startet-durch-unsere-neue-tochterfirma-nimmt-den-betrieb-auf\/\"><\/a>\n<div class=\"gb-grid-wrapper gb-grid-wrapper-edcf283a\">\n<div class=\"gb-grid-column gb-grid-column-344bf41e\"><div class=\"gb-container gb-container-344bf41e\">\n<figure class=\"gb-block-image gb-block-image-2fe98a89\"><a href=\"https:\/\/x-impuls.de\/en\/xentrobai-startet-durch-unsere-neue-tochterfirma-nimmt-den-betrieb-auf\/\"><img loading=\"lazy\" decoding=\"async\" width=\"500\" height=\"500\" src=\"https:\/\/x-impuls.de\/wp-content\/uploads\/2025\/05\/blog_xentrobai_2-500x500.jpg\" class=\"gb-image-2fe98a89 image-1-1\" alt srcset=\"https:\/\/x-impuls.de\/wp-content\/uploads\/2025\/05\/blog_xentrobai_2-500x500.jpg 500w, https:\/\/x-impuls.de\/wp-content\/uploads\/2025\/05\/blog_xentrobai_2-120x120.jpg 120w, https:\/\/x-impuls.de\/wp-content\/uploads\/2025\/05\/blog_xentrobai_2-24x24.jpg 24w, https:\/\/x-impuls.de\/wp-content\/uploads\/2025\/05\/blog_xentrobai_2-48x48.jpg 48w, https:\/\/x-impuls.de\/wp-content\/uploads\/2025\/05\/blog_xentrobai_2-96x96.jpg 96w, https:\/\/x-impuls.de\/wp-content\/uploads\/2025\/05\/blog_xentrobai_2-150x150.jpg 150w, https:\/\/x-impuls.de\/wp-content\/uploads\/2025\/05\/blog_xentrobai_2-300x300.jpg 300w\" sizes=\"(max-width: 500px) 100vw, 500px\"><\/a><\/figure>\n<\/div><\/div>\n\n<div class=\"gb-grid-column gb-grid-column-dae2ef04\"><div class=\"gb-container gb-container-dae2ef04\">\n<div class=\"gb-headline gb-headline-002813ff gb-headline-text\"><a href=\"https:\/\/x-impuls.de\/en\/xentrobai-startet-durch-unsere-neue-tochterfirma-nimmt-den-betrieb-auf\/\">Xentrobai startet durch: Unsere neue Tochterfirma nimmt den Betrieb auf<\/a><\/div>\n\n<p class=\"gb-headline gb-headline-d889f02b gb-headline-text\"><a href=\"https:\/\/x-impuls.de\/en\/xentrobai-startet-durch-unsere-neue-tochterfirma-nimmt-den-betrieb-auf\/\">Am 1. Mai 2025 haben wir einen bedeutenden Meilenstein erreicht: Unsere neue Tochtergesellschaft Xentrobai AG ist erfolgreich an den Markt gegangen. Als eigenst\u00e4ndige Einheit wird die Xentrobai k\u00fcnftig das gesamte \u2026<\/a><\/p>\n<\/div><\/div>\n<\/div>\n<\/div><\/div>\n\n<div class=\"gb-grid-column gb-grid-column-bb8eaeb1 gb-query-loop-item post-5381 post type-post status-publish format-standard has-post-thumbnail hentry category-allgemein\"><div class=\"gb-container gb-container-bb8eaeb1 animated fadeInUp delay-100ms\"><a class=\"gb-container-link\" href=\"https:\/\/x-impuls.de\/en\/postmodernisierungsgesetz-postmodg-branchenuebergreifende-herausforderung\/\"><\/a>\n<div class=\"gb-grid-wrapper gb-grid-wrapper-edcf283a\">\n<div class=\"gb-grid-column gb-grid-column-344bf41e\"><div class=\"gb-container gb-container-344bf41e\">\n<figure class=\"gb-block-image gb-block-image-2fe98a89\"><a href=\"https:\/\/x-impuls.de\/en\/postmodernisierungsgesetz-postmodg-branchenuebergreifende-herausforderung\/\"><img loading=\"lazy\" decoding=\"async\" width=\"500\" height=\"500\" src=\"https:\/\/x-impuls.de\/wp-content\/uploads\/2024\/08\/postmodernisierungsgesetz_blog-scaled-1-500x500.jpg\" class=\"gb-image-2fe98a89 image-1-1\" alt srcset=\"https:\/\/x-impuls.de\/wp-content\/uploads\/2024\/08\/postmodernisierungsgesetz_blog-scaled-1-500x500.jpg 500w, https:\/\/x-impuls.de\/wp-content\/uploads\/2024\/08\/postmodernisierungsgesetz_blog-scaled-1-120x120.jpg 120w, https:\/\/x-impuls.de\/wp-content\/uploads\/2024\/08\/postmodernisierungsgesetz_blog-scaled-1-24x24.jpg 24w, https:\/\/x-impuls.de\/wp-content\/uploads\/2024\/08\/postmodernisierungsgesetz_blog-scaled-1-48x48.jpg 48w, https:\/\/x-impuls.de\/wp-content\/uploads\/2024\/08\/postmodernisierungsgesetz_blog-scaled-1-96x96.jpg 96w, https:\/\/x-impuls.de\/wp-content\/uploads\/2024\/08\/postmodernisierungsgesetz_blog-scaled-1-150x150.jpg 150w, https:\/\/x-impuls.de\/wp-content\/uploads\/2024\/08\/postmodernisierungsgesetz_blog-scaled-1-300x300.jpg 300w\" sizes=\"(max-width: 500px) 100vw, 500px\"><\/a><\/figure>\n<\/div><\/div>\n\n<div class=\"gb-grid-column gb-grid-column-dae2ef04\"><div class=\"gb-container gb-container-dae2ef04\">\n<div class=\"gb-headline gb-headline-002813ff gb-headline-text\"><a href=\"https:\/\/x-impuls.de\/en\/postmodernisierungsgesetz-postmodg-branchenuebergreifende-herausforderung\/\">Postmodernisierungsgesetz (PostModG): Branchen\u00fcbergreifende Herausforderung<\/a><\/div>\n\n<p class=\"gb-headline gb-headline-d889f02b gb-headline-text\"><a href=\"https:\/\/x-impuls.de\/en\/postmodernisierungsgesetz-postmodg-branchenuebergreifende-herausforderung\/\">Die Digitalisierung macht alles schneller \u2013 au\u00dfer die Post! Nach \u00fcber 25 Jahren wurde das Postgesetz novelliert und die \u00c4nderungen treten zum 1. Januar 2025 in Kraft. Hintergrund sind die \u2026<\/a><\/p>\n<\/div><\/div>\n<\/div>\n<\/div><\/div>\n\n<div class=\"gb-grid-column gb-grid-column-bb8eaeb1 gb-query-loop-item post-5374 post type-post status-publish format-standard has-post-thumbnail hentry category-allgemein\"><div class=\"gb-container gb-container-bb8eaeb1 animated fadeInUp delay-100ms\"><a class=\"gb-container-link\" href=\"https:\/\/x-impuls.de\/en\/lieferantenwechsel-binnen-24-stunden-zum-01-04-2025-das-kommt-auf-sie-zu\/\"><\/a>\n<div class=\"gb-grid-wrapper gb-grid-wrapper-edcf283a\">\n<div class=\"gb-grid-column gb-grid-column-344bf41e\"><div class=\"gb-container gb-container-344bf41e\">\n<figure class=\"gb-block-image gb-block-image-2fe98a89\"><a href=\"https:\/\/x-impuls.de\/en\/lieferantenwechsel-binnen-24-stunden-zum-01-04-2025-das-kommt-auf-sie-zu\/\"><img loading=\"lazy\" decoding=\"async\" width=\"500\" height=\"500\" src=\"https:\/\/x-impuls.de\/wp-content\/uploads\/2024\/08\/electricity-2023-11-27-04-51-14-utc1-scaled-1-500x500.jpg\" class=\"gb-image-2fe98a89 image-1-1\" alt srcset=\"https:\/\/x-impuls.de\/wp-content\/uploads\/2024\/08\/electricity-2023-11-27-04-51-14-utc1-scaled-1-500x500.jpg 500w, https:\/\/x-impuls.de\/wp-content\/uploads\/2024\/08\/electricity-2023-11-27-04-51-14-utc1-scaled-1-120x120.jpg 120w, https:\/\/x-impuls.de\/wp-content\/uploads\/2024\/08\/electricity-2023-11-27-04-51-14-utc1-scaled-1-24x24.jpg 24w, https:\/\/x-impuls.de\/wp-content\/uploads\/2024\/08\/electricity-2023-11-27-04-51-14-utc1-scaled-1-48x48.jpg 48w, https:\/\/x-impuls.de\/wp-content\/uploads\/2024\/08\/electricity-2023-11-27-04-51-14-utc1-scaled-1-96x96.jpg 96w, https:\/\/x-impuls.de\/wp-content\/uploads\/2024\/08\/electricity-2023-11-27-04-51-14-utc1-scaled-1-150x150.jpg 150w, https:\/\/x-impuls.de\/wp-content\/uploads\/2024\/08\/electricity-2023-11-27-04-51-14-utc1-scaled-1-300x300.jpg 300w\" sizes=\"(max-width: 500px) 100vw, 500px\"><\/a><\/figure>\n<\/div><\/div>\n\n<div class=\"gb-grid-column gb-grid-column-dae2ef04\"><div class=\"gb-container gb-container-dae2ef04\">\n<div class=\"gb-headline gb-headline-002813ff gb-headline-text\"><a href=\"https:\/\/x-impuls.de\/en\/lieferantenwechsel-binnen-24-stunden-zum-01-04-2025-das-kommt-auf-sie-zu\/\">Lieferantenwechsel binnen 24 Stunden zum 01.04.2025 \u2013 das kommt auf Sie zu<\/a><\/div>\n\n<p class=\"gb-headline gb-headline-d889f02b gb-headline-text\"><a href=\"https:\/\/x-impuls.de\/en\/lieferantenwechsel-binnen-24-stunden-zum-01-04-2025-das-kommt-auf-sie-zu\/\">Die Dynamik der Digitalisierung in der Energiewirtschaft ist ein entscheidender Faktor f\u00fcr die Verbesserung und Standardisierung von Marktprozessen, insbesondere im Hinblick auf den beschleunigten Lieferantenwechsel. Die Energiewirtschafts-Novelle, verabschiedet vom Bundestag \u2026<\/a><\/p>\n<\/div><\/div>\n<\/div>\n<\/div><\/div>\n\n<div class=\"gb-grid-column gb-grid-column-bb8eaeb1 gb-query-loop-item post-2985 post type-post status-publish format-standard has-post-thumbnail hentry category-allgemein category-business\"><div class=\"gb-container gb-container-bb8eaeb1 animated fadeInUp delay-100ms\"><a class=\"gb-container-link\" href=\"https:\/\/x-impuls.de\/en\/kurzfristige-informationspflichten-der-gas-und-waerme-lieferanten-an-endkunden-deadline-30-09-2022\/\"><\/a>\n<div class=\"gb-grid-wrapper gb-grid-wrapper-edcf283a\">\n<div class=\"gb-grid-column gb-grid-column-344bf41e\"><div class=\"gb-container gb-container-344bf41e\">\n<figure class=\"gb-block-image gb-block-image-2fe98a89\"><a href=\"https:\/\/x-impuls.de\/en\/kurzfristige-informationspflichten-der-gas-und-waerme-lieferanten-an-endkunden-deadline-30-09-2022\/\"><img loading=\"lazy\" decoding=\"async\" width=\"500\" height=\"500\" src=\"https:\/\/x-impuls.de\/wp-content\/uploads\/2024\/01\/x-impuls-blog-kurzfristige-informationspflichten-jpg-webp-500x500.webp\" class=\"gb-image-2fe98a89 image-1-1\" alt srcset=\"https:\/\/x-impuls.de\/wp-content\/uploads\/2024\/01\/x-impuls-blog-kurzfristige-informationspflichten-jpg-webp-500x500.webp 500w, https:\/\/x-impuls.de\/wp-content\/uploads\/2024\/01\/x-impuls-blog-kurzfristige-informationspflichten-jpg-webp-120x120.webp 120w, https:\/\/x-impuls.de\/wp-content\/uploads\/2024\/01\/x-impuls-blog-kurzfristige-informationspflichten-jpg-webp-24x24.webp 24w, https:\/\/x-impuls.de\/wp-content\/uploads\/2024\/01\/x-impuls-blog-kurzfristige-informationspflichten-jpg-webp-48x48.webp 48w, https:\/\/x-impuls.de\/wp-content\/uploads\/2024\/01\/x-impuls-blog-kurzfristige-informationspflichten-jpg-webp-96x96.webp 96w, https:\/\/x-impuls.de\/wp-content\/uploads\/2024\/01\/x-impuls-blog-kurzfristige-informationspflichten-jpg-webp-150x150.webp 150w, https:\/\/x-impuls.de\/wp-content\/uploads\/2024\/01\/x-impuls-blog-kurzfristige-informationspflichten-jpg-webp-300x300.webp 300w\" sizes=\"(max-width: 500px) 100vw, 500px\"><\/a><\/figure>\n<\/div><\/div>\n\n<div class=\"gb-grid-column gb-grid-column-dae2ef04\"><div class=\"gb-container gb-container-dae2ef04\">\n<div class=\"gb-headline gb-headline-002813ff gb-headline-text\"><a href=\"https:\/\/x-impuls.de\/en\/kurzfristige-informationspflichten-der-gas-und-waerme-lieferanten-an-endkunden-deadline-30-09-2022\/\">Kurzfristige &nbsp;Informationspflichten der Gas- und W\u00e4rme-Lieferanten an Endkunden \u2013 Deadline 30.09.2022<\/a><\/div>\n\n<p class=\"gb-headline gb-headline-d889f02b gb-headline-text\"><a href=\"https:\/\/x-impuls.de\/en\/kurzfristige-informationspflichten-der-gas-und-waerme-lieferanten-an-endkunden-deadline-30-09-2022\/\">W\u00e4hrend sich die Gas-Lieferanten noch mit der Umsetzung der EnSIG-Umlage, der avisierten Mehrwertsteuersenkung auf Gas und dem parallelen Formatwechsel alle H\u00e4nde voll zu tun haben, hat die Bundesregierung eine weitere \u2026<\/a><\/p>\n<\/div><\/div>\n<\/div>\n<\/div><\/div>\n\n<div class=\"gb-grid-column gb-grid-column-bb8eaeb1 gb-query-loop-item post-2893 post type-post status-publish format-standard has-post-thumbnail hentry category-allgemein category-business\"><div class=\"gb-container gb-container-bb8eaeb1 animated fadeInUp delay-100ms\"><a class=\"gb-container-link\" href=\"https:\/\/x-impuls.de\/en\/gas-mangellage\/\"><\/a>\n<div class=\"gb-grid-wrapper gb-grid-wrapper-edcf283a\">\n<div class=\"gb-grid-column gb-grid-column-344bf41e\"><div class=\"gb-container gb-container-344bf41e\">\n<figure class=\"gb-block-image gb-block-image-2fe98a89\"><a href=\"https:\/\/x-impuls.de\/en\/gas-mangellage\/\"><img loading=\"lazy\" decoding=\"async\" width=\"500\" height=\"500\" src=\"https:\/\/x-impuls.de\/wp-content\/uploads\/2024\/01\/x-impuls-blog-gas-mangellage-jpeg-webp-500x500.webp\" class=\"gb-image-2fe98a89 image-1-1\" alt srcset=\"https:\/\/x-impuls.de\/wp-content\/uploads\/2024\/01\/x-impuls-blog-gas-mangellage-jpeg-webp-500x500.webp 500w, https:\/\/x-impuls.de\/wp-content\/uploads\/2024\/01\/x-impuls-blog-gas-mangellage-jpeg-webp-120x120.webp 120w, https:\/\/x-impuls.de\/wp-content\/uploads\/2024\/01\/x-impuls-blog-gas-mangellage-jpeg-webp-24x24.webp 24w, https:\/\/x-impuls.de\/wp-content\/uploads\/2024\/01\/x-impuls-blog-gas-mangellage-jpeg-webp-48x48.webp 48w, https:\/\/x-impuls.de\/wp-content\/uploads\/2024\/01\/x-impuls-blog-gas-mangellage-jpeg-webp-96x96.webp 96w, https:\/\/x-impuls.de\/wp-content\/uploads\/2024\/01\/x-impuls-blog-gas-mangellage-jpeg-webp-150x150.webp 150w, https:\/\/x-impuls.de\/wp-content\/uploads\/2024\/01\/x-impuls-blog-gas-mangellage-jpeg-webp-300x300.webp 300w\" sizes=\"(max-width: 500px) 100vw, 500px\"><\/a><\/figure>\n<\/div><\/div>\n\n<div class=\"gb-grid-column gb-grid-column-dae2ef04\"><div class=\"gb-container gb-container-dae2ef04\">\n<div class=\"gb-headline gb-headline-002813ff gb-headline-text\"><a href=\"https:\/\/x-impuls.de\/en\/gas-mangellage\/\">Gas-Mangellage und neue Umlagen<\/a><\/div>\n\n<p class=\"gb-headline gb-headline-d889f02b gb-headline-text\"><a href=\"https:\/\/x-impuls.de\/en\/gas-mangellage\/\">S\u00e4mtliche Gas-Lieferanten, Verbraucher und letztlich ein Gro\u00dfteil der Industrie sp\u00fcren die aktuelle Disruption im Gas-Energiemarkt aufgrund der sehr angespannten geopolitischen Lage. Die Bundesregierung hat in Vorbereitung des kommenden Winters und \u2026<\/a><\/p>\n<\/div><\/div>\n<\/div>\n<\/div><\/div>\n\n<div class=\"gb-grid-column gb-grid-column-bb8eaeb1 gb-query-loop-item post-2760 post type-post status-publish format-standard has-post-thumbnail hentry category-allgemein category-business category-events\"><div class=\"gb-container gb-container-bb8eaeb1 animated fadeInUp delay-100ms\"><a class=\"gb-container-link\" href=\"https:\/\/x-impuls.de\/en\/neue-enwg-novelle\/\"><\/a>\n<div class=\"gb-grid-wrapper gb-grid-wrapper-edcf283a\">\n<div class=\"gb-grid-column gb-grid-column-344bf41e\"><div class=\"gb-container gb-container-344bf41e\">\n<figure class=\"gb-block-image gb-block-image-2fe98a89\"><a href=\"https:\/\/x-impuls.de\/en\/neue-enwg-novelle\/\"><img loading=\"lazy\" decoding=\"async\" width=\"500\" height=\"500\" src=\"https:\/\/x-impuls.de\/wp-content\/uploads\/2024\/01\/x-impuls-blog-enwg-novelle-jpeg-webp-500x500.webp\" class=\"gb-image-2fe98a89 image-1-1\" alt srcset=\"https:\/\/x-impuls.de\/wp-content\/uploads\/2024\/01\/x-impuls-blog-enwg-novelle-jpeg-webp-500x500.webp 500w, https:\/\/x-impuls.de\/wp-content\/uploads\/2024\/01\/x-impuls-blog-enwg-novelle-jpeg-webp-120x120.webp 120w, https:\/\/x-impuls.de\/wp-content\/uploads\/2024\/01\/x-impuls-blog-enwg-novelle-jpeg-webp-24x24.webp 24w, https:\/\/x-impuls.de\/wp-content\/uploads\/2024\/01\/x-impuls-blog-enwg-novelle-jpeg-webp-48x48.webp 48w, https:\/\/x-impuls.de\/wp-content\/uploads\/2024\/01\/x-impuls-blog-enwg-novelle-jpeg-webp-96x96.webp 96w, https:\/\/x-impuls.de\/wp-content\/uploads\/2024\/01\/x-impuls-blog-enwg-novelle-jpeg-webp-150x150.webp 150w, https:\/\/x-impuls.de\/wp-content\/uploads\/2024\/01\/x-impuls-blog-enwg-novelle-jpeg-webp-300x300.webp 300w\" sizes=\"(max-width: 500px) 100vw, 500px\"><\/a><\/figure>\n<\/div><\/div>\n\n<div class=\"gb-grid-column gb-grid-column-dae2ef04\"><div class=\"gb-container gb-container-dae2ef04\">\n<div class=\"gb-headline gb-headline-002813ff gb-headline-text\"><a href=\"https:\/\/x-impuls.de\/en\/neue-enwg-novelle\/\">Die Auswirkungen der EnWG Novelle: Was bedeuten die aktuellen \u00c4nderungen f\u00fcr die Versorger?<\/a><\/div>\n\n<p class=\"gb-headline gb-headline-d889f02b gb-headline-text\"><a href=\"https:\/\/x-impuls.de\/en\/neue-enwg-novelle\/\">Die Zielsetzung ist klar: Mit zahlreichen \u00c4nderungen am Energiewirtschaftsgesetz (EnWG) will die Politik die Rechte der Verbraucher und deren Teilnahme am Strommarkt st\u00e4rken \u2013 so sollen die Kunden der Energieversorgungsunternehmen \u2026<\/a><\/p>\n<\/div><\/div>\n<\/div>\n<\/div><\/div>\n<\/div>\n\n<div class=\"gb-container gb-container-30d754f9 animated fadeInUp delay-200ms gb-query-loop-pagination\">\n\n\n<span class=\"gb-button gb-button-26ecd082 gb-button-text page-numbers gb-block-is-current button-primaer-zentriert\" aria-current=\"page\">1<\/span><a class=\"gb-button gb-button-26ecd082 gb-button-text page-numbers button-primaer-zentriert\" href=\"?query-0f56c0fa-page=2\">2<\/a><a class=\"gb-button gb-button-26ecd082 gb-button-text page-numbers button-primaer-zentriert\" href=\"?query-0f56c0fa-page=3\">3<\/a>\n\n<a class=\"gb-button gb-button-0b6dfc57 gb-button-text button-primaer-zentriert\" href=\"\/en\/wp-json\/wp\/v2\/pages\/184?query-0f56c0fa-page=2\">N\u00e4chs\u00adte<\/a>\n<\/div>\n\n<\/div>\n\n\n<div style=\"height:100px\" aria-hidden=\"true\" class=\"wp-block-spacer\"><\/div>","protected":false},"excerpt":{"rendered":"X\u2011Impuls Insights: Unser Wis\u00adsens\u00adpor\u00adtal f\u00fcr Busi\u00adness &amp; IT Ent\u00adde\u00adcken Sie aktu\u00adel\u00adle Trends, bew\u00e4hr\u00adte Stra\u00adte\u00adgien und span\u00adnen\u00adde Erfolgs\u00adge\u00adschich\u00adten. Es ist unser Anlie\u00adgen, Sie umfas\u00adsend zu infor\u00admie\u00adren, zu inspi\u00adrie\u00adren und \u00fcber die neu\u00ades\u00adten Ent\u00adwick\u00adlun\u00adgen in unse\u00adrer Bran\u00adche auf dem Lau\u00adfen\u00adden zu hal\u00adten. Durch\u00adst\u00f6\u00adbern Sie unse\u00adre Arti\u00adkel und tau\u00adchen Sie ein in die Viel\u00adfalt der The\u00admen, die wir \u2026 <a title=\"Blog\" class=\"read-more\" href=\"https:\/\/x-impuls.de\/en\/blog\/\" aria-label=\"Read more about Blog\">Read more<\/a>","protected":false},"author":7,"featured_media":0,"parent":0,"menu_order":0,"comment_status":"closed","ping_status":"closed","template":"","meta":{"_acf_changed":false,"wp_typography_post_enhancements_disabled":false,"iawp_total_views":403,"footnotes":""},"class_list":["post-184","page","type-page","status-publish"],"acf":[],"_links":{"self":[{"href":"https:\/\/x-impuls.de\/en\/wp-json\/wp\/v2\/pages\/184"}],"collection":[{"href":"https:\/\/x-impuls.de\/en\/wp-json\/wp\/v2\/pages"}],"about":[{"href":"https:\/\/x-impuls.de\/en\/wp-json\/wp\/v2\/types\/page"}],"author":[{"embeddable":true,"href":"https:\/\/x-impuls.de\/en\/wp-json\/wp\/v2\/users\/7"}],"replies":[{"embeddable":true,"href":"https:\/\/x-impuls.de\/en\/wp-json\/wp\/v2\/comments?post=184"}],"version-history":[{"count":0,"href":"https:\/\/x-impuls.de\/en\/wp-json\/wp\/v2\/pages\/184\/revisions"}],"wp:attachment":[{"href":"https:\/\/x-impuls.de\/en\/wp-json\/wp\/v2\/media?parent=184"}],"curies":[{"name":"wp","href":"https:\/\/api.w.org\/{rel}","templated":true}]}}